{"id":478,"date":"2024-01-15T15:11:52","date_gmt":"2024-01-15T15:11:52","guid":{"rendered":"http:\/\/rifforubio.cl\/?page_id=478"},"modified":"2025-12-05T16:23:04","modified_gmt":"2025-12-05T16:23:04","slug":"equipo","status":"publish","type":"page","link":"https:\/\/rifforubio.cl\/?page_id=478","title":{"rendered":"Equipo"},"content":{"rendered":"\t\t<div data-elementor-type=\"wp-page\" data-elementor-id=\"478\" class=\"elementor elementor-478\">\n\t\t\t\t\t\t<div class=\"elementor-inner\">\n\t\t\t\t<div class=\"elementor-section-wrap\">\n\t\t\t\t\t\t\t\t\t<section class=\"elementor-section elementor-top-section elementor-element elementor-element-0e23da3 elementor-section-boxed elementor-section-height-default elementor-section-height-default\" data-id=\"0e23da3\" data-element_type=\"section\">\n\t\t\t\t\t\t<div class=\"elementor-container elementor-column-gap-default\">\n\t\t\t\t\t\t\t<div class=\"elementor-row\">\n\t\t\t\t\t<div class=\"elementor-column elementor-col-33 elementor-top-column elementor-element elementor-element-bf00c35\" data-id=\"bf00c35\" data-element_type=\"column\">\n\t\t\t<div class=\"elementor-column-wrap elementor-element-populated\">\n\t\t\t\t\t\t\t<div class=\"elementor-widget-wrap\">\n\t\t\t\t\t\t<div class=\"elementor-element elementor-element-2b16166 elementor-position-top elementor-vertical-align-top elementor-widget elementor-widget-image-box\" data-id=\"2b16166\" data-element_type=\"widget\" data-widget_type=\"image-box.default\">\n\t\t\t\t<div class=\"elementor-widget-container\">\n\t\t\t<div class=\"elementor-image-box-wrapper\"><figure class=\"elementor-image-box-img\"><img decoding=\"async\" width=\"1135\" height=\"1050\" src=\"https:\/\/rifforubio.cl\/wp-content\/uploads\/2024\/04\/Valentina-Riffo-2.jpg\" class=\"attachment-full size-full wp-image-724\" alt=\"\" loading=\"lazy\" srcset=\"https:\/\/rifforubio.cl\/wp-content\/uploads\/2024\/04\/Valentina-Riffo-2.jpg 1135w, https:\/\/rifforubio.cl\/wp-content\/uploads\/2024\/04\/Valentina-Riffo-2-300x278.jpg 300w, https:\/\/rifforubio.cl\/wp-content\/uploads\/2024\/04\/Valentina-Riffo-2-1024x947.jpg 1024w, https:\/\/rifforubio.cl\/wp-content\/uploads\/2024\/04\/Valentina-Riffo-2-768x710.jpg 768w, https:\/\/rifforubio.cl\/wp-content\/uploads\/2024\/04\/Valentina-Riffo-2-1000x925.jpg 1000w, https:\/\/rifforubio.cl\/wp-content\/uploads\/2024\/04\/Valentina-Riffo-2-230x213.jpg 230w, https:\/\/rifforubio.cl\/wp-content\/uploads\/2024\/04\/Valentina-Riffo-2-350x324.jpg 350w, https:\/\/rifforubio.cl\/wp-content\/uploads\/2024\/04\/Valentina-Riffo-2-480x444.jpg 480w\" sizes=\"(max-width: 1135px) 100vw, 1135px\" \/><\/figure><div class=\"elementor-image-box-content\"><h3 class=\"elementor-image-box-title\">Valentina Riffo Rubio<\/h3><p class=\"elementor-image-box-description\">Ingeniero Comercial de la Pontificia Universidad Cat\u00f3lica de Chile. Global MBA de la Universidad de Chile y The University Of Queensland, Australia. Diploma Direcci\u00f3n de Servicios Universidad Adolfo Iba\u00f1ez. Contador Auditor de la Escuela de Contadores Auditores de Santiago. Tiene m\u00e1s de 18 a\u00f1os de experiencia laboral en distintas empresas de diversos sectores. <\/p><\/div><\/div>\t\t<\/div>\n\t\t\t\t<\/div>\n\t\t\t\t\t\t<\/div>\n\t\t\t\t\t<\/div>\n\t\t<\/div>\n\t\t\t\t<div class=\"elementor-column elementor-col-33 elementor-top-column elementor-element elementor-element-09fa816\" data-id=\"09fa816\" data-element_type=\"column\">\n\t\t\t<div class=\"elementor-column-wrap elementor-element-populated\">\n\t\t\t\t\t\t\t<div class=\"elementor-widget-wrap\">\n\t\t\t\t\t\t<div class=\"elementor-element elementor-element-498b554 elementor-widget__width-initial elementor-position-top elementor-vertical-align-top elementor-widget elementor-widget-image-box\" data-id=\"498b554\" data-element_type=\"widget\" data-widget_type=\"image-box.default\">\n\t\t\t\t<div class=\"elementor-widget-container\">\n\t\t\t<div class=\"elementor-image-box-wrapper\"><figure class=\"elementor-image-box-img\"><img decoding=\"async\" src=\"https:\/\/rifforubio.cl\/wp-content\/uploads\/2024\/04\/Ana-Rodriguez-2.jpg\" title=\"Ana Rodriguez 2\" alt=\"Ana Rodriguez 2\" loading=\"lazy\" \/><\/figure><div class=\"elementor-image-box-content\"><h3 class=\"elementor-image-box-title\">ANA RODR\u00cdGUEZ CERPA<\/h3><p class=\"elementor-image-box-description\">Contadora del Centro de Formaci\u00f3n T\u00e9cnica Itesa. Cuenta con m\u00e1s de 30 a\u00f1os de experiencia en empresas de diversos sectores, en las \u00e1reas contables, de tesorer\u00eda y de inversi\u00f3n. <\/p><\/div><\/div>\t\t<\/div>\n\t\t\t\t<\/div>\n\t\t\t\t\t\t<\/div>\n\t\t\t\t\t<\/div>\n\t\t<\/div>\n\t\t\t\t<div class=\"elementor-column elementor-col-33 elementor-top-column elementor-element elementor-element-bb70b3b\" data-id=\"bb70b3b\" data-element_type=\"column\">\n\t\t\t<div class=\"elementor-column-wrap elementor-element-populated\">\n\t\t\t\t\t\t\t<div class=\"elementor-widget-wrap\">\n\t\t\t\t\t\t<div class=\"elementor-element elementor-element-4ce9597 elementor-position-top elementor-vertical-align-top elementor-widget elementor-widget-image-box\" data-id=\"4ce9597\" data-element_type=\"widget\" data-widget_type=\"image-box.default\">\n\t\t\t\t<div class=\"elementor-widget-container\">\n\t\t\t<div class=\"elementor-image-box-wrapper\"><figure class=\"elementor-image-box-img\"><img decoding=\"async\" src=\"https:\/\/rifforubio.cl\/wp-content\/uploads\/2024\/04\/Angelica-Carvajal-2.jpg\" title=\"Angelica Carvajal 2\" alt=\"Angelica Carvajal 2\" loading=\"lazy\" \/><\/figure><div class=\"elementor-image-box-content\"><h3 class=\"elementor-image-box-title\">M. ANG\u00c9LICA CARVAJAL GONZ\u00c1LEZ<\/h3><p class=\"elementor-image-box-description\">Contador general de la Escuela de Aplicaci\u00f3n Abd\u00f3n Cifuentes. M\u00e1s de 35 a\u00f1os de experiencia laboral en distintas empresas de diversos sectores de comercio y construcci\u00f3n. \u00daltimamente se ha especializado en empresas de inversi\u00f3n. <\/p><\/div><\/div>\t\t<\/div>\n\t\t\t\t<\/div>\n\t\t\t\t\t\t<\/div>\n\t\t\t\t\t<\/div>\n\t\t<\/div>\n\t\t\t\t\t\t\t\t<\/div>\n\t\t\t\t\t<\/div>\n\t\t<\/section>\n\t\t\t\t<section class=\"elementor-section elementor-top-section elementor-element elementor-element-4ae8d18 elementor-section-boxed elementor-section-height-default elementor-section-height-default\" data-id=\"4ae8d18\" data-element_type=\"section\">\n\t\t\t\t\t\t<div class=\"elementor-container elementor-column-gap-default\">\n\t\t\t\t\t\t\t<div class=\"elementor-row\">\n\t\t\t\t\t<div class=\"elementor-column elementor-col-33 elementor-top-column elementor-element elementor-element-59212ef\" data-id=\"59212ef\" data-element_type=\"column\">\n\t\t\t<div class=\"elementor-column-wrap elementor-element-populated\">\n\t\t\t\t\t\t\t<div class=\"elementor-widget-wrap\">\n\t\t\t\t\t\t<div class=\"elementor-element elementor-element-cac654a elementor-position-top elementor-vertical-align-top elementor-widget elementor-widget-image-box\" data-id=\"cac654a\" data-element_type=\"widget\" data-widget_type=\"image-box.default\">\n\t\t\t\t<div class=\"elementor-widget-container\">\n\t\t\t<div class=\"elementor-image-box-wrapper\"><figure class=\"elementor-image-box-img\"><img decoding=\"async\" width=\"1135\" height=\"1050\" src=\"https:\/\/rifforubio.cl\/wp-content\/uploads\/2024\/04\/Andrea-Bazaes-2.jpg\" class=\"attachment-full size-full wp-image-715\" alt=\"\" loading=\"lazy\" srcset=\"https:\/\/rifforubio.cl\/wp-content\/uploads\/2024\/04\/Andrea-Bazaes-2.jpg 1135w, https:\/\/rifforubio.cl\/wp-content\/uploads\/2024\/04\/Andrea-Bazaes-2-300x278.jpg 300w, https:\/\/rifforubio.cl\/wp-content\/uploads\/2024\/04\/Andrea-Bazaes-2-1024x947.jpg 1024w, https:\/\/rifforubio.cl\/wp-content\/uploads\/2024\/04\/Andrea-Bazaes-2-768x710.jpg 768w, https:\/\/rifforubio.cl\/wp-content\/uploads\/2024\/04\/Andrea-Bazaes-2-1000x925.jpg 1000w, https:\/\/rifforubio.cl\/wp-content\/uploads\/2024\/04\/Andrea-Bazaes-2-230x213.jpg 230w, https:\/\/rifforubio.cl\/wp-content\/uploads\/2024\/04\/Andrea-Bazaes-2-350x324.jpg 350w, https:\/\/rifforubio.cl\/wp-content\/uploads\/2024\/04\/Andrea-Bazaes-2-480x444.jpg 480w\" sizes=\"(max-width: 1135px) 100vw, 1135px\" \/><\/figure><div class=\"elementor-image-box-content\"><h3 class=\"elementor-image-box-title\">ANDREA BAZAES CORNEJO <\/h3><p class=\"elementor-image-box-description\">Contador Auditor del Instituto Profesional Araucana. Cuenta con m\u00e1s de 29 a\u00f1os de experiencia en diferentes oficinas contables, atendiendo empresas de distintos rubros, en las \u00e1reas contabilidad, laboral, tributaria, renta y declaraciones juradas, con especial foco en las sociedades de inversi\u00f3n nacionales y extranjeras.<\/p><\/div><\/div>\t\t<\/div>\n\t\t\t\t<\/div>\n\t\t\t\t\t\t<\/div>\n\t\t\t\t\t<\/div>\n\t\t<\/div>\n\t\t\t\t<div class=\"elementor-column elementor-col-33 elementor-top-column elementor-element elementor-element-b3a9221\" data-id=\"b3a9221\" data-element_type=\"column\">\n\t\t\t<div class=\"elementor-column-wrap elementor-element-populated\">\n\t\t\t\t\t\t\t<div class=\"elementor-widget-wrap\">\n\t\t\t\t\t\t<div class=\"elementor-element elementor-element-454e782 elementor-position-top elementor-vertical-align-top elementor-widget elementor-widget-image-box\" data-id=\"454e782\" data-element_type=\"widget\" data-widget_type=\"image-box.default\">\n\t\t\t\t<div class=\"elementor-widget-container\">\n\t\t\t<div class=\"elementor-image-box-wrapper\"><figure class=\"elementor-image-box-img\"><img decoding=\"async\" src=\"https:\/\/rifforubio.cl\/wp-content\/uploads\/2024\/04\/Carmen-Bravo-OK.jpg\" title=\"Carmen Bravo OK\" alt=\"Carmen Bravo OK\" loading=\"lazy\" \/><\/figure><div class=\"elementor-image-box-content\"><h3 class=\"elementor-image-box-title\">CARMEN GLORIA BRAVO RIVERA<\/h3><p class=\"elementor-image-box-description\">Contador Auditor del Instituto Profesional Esucomex. Con m\u00e1s de 27 a\u00f1os de experiencia, en oficinas de contabilidad, atendiendo empresas de distintos rubros, en las \u00e1reas contables, laboral, tributaria, renta y declaraciones juradas. Cuenta con gran destreza en diversos sistemas contables.<\/p><\/div><\/div>\t\t<\/div>\n\t\t\t\t<\/div>\n\t\t\t\t\t\t<\/div>\n\t\t\t\t\t<\/div>\n\t\t<\/div>\n\t\t\t\t<div class=\"elementor-column elementor-col-33 elementor-top-column elementor-element elementor-element-476e46f\" data-id=\"476e46f\" data-element_type=\"column\">\n\t\t\t<div class=\"elementor-column-wrap elementor-element-populated\">\n\t\t\t\t\t\t\t<div class=\"elementor-widget-wrap\">\n\t\t\t\t\t\t<div class=\"elementor-element elementor-element-c998e0a elementor-position-top elementor-vertical-align-top elementor-widget elementor-widget-image-box\" data-id=\"c998e0a\" data-element_type=\"widget\" data-widget_type=\"image-box.default\">\n\t\t\t\t<div class=\"elementor-widget-container\">\n\t\t\t<div class=\"elementor-image-box-wrapper\"><figure class=\"elementor-image-box-img\"><img decoding=\"async\" width=\"1135\" height=\"1050\" src=\"https:\/\/rifforubio.cl\/wp-content\/uploads\/2024\/04\/Elizabeth-Salinas-2.jpg\" class=\"attachment-full size-full wp-image-718\" alt=\"\" loading=\"lazy\" srcset=\"https:\/\/rifforubio.cl\/wp-content\/uploads\/2024\/04\/Elizabeth-Salinas-2.jpg 1135w, https:\/\/rifforubio.cl\/wp-content\/uploads\/2024\/04\/Elizabeth-Salinas-2-300x278.jpg 300w, https:\/\/rifforubio.cl\/wp-content\/uploads\/2024\/04\/Elizabeth-Salinas-2-1024x947.jpg 1024w, https:\/\/rifforubio.cl\/wp-content\/uploads\/2024\/04\/Elizabeth-Salinas-2-768x710.jpg 768w, https:\/\/rifforubio.cl\/wp-content\/uploads\/2024\/04\/Elizabeth-Salinas-2-1000x925.jpg 1000w, https:\/\/rifforubio.cl\/wp-content\/uploads\/2024\/04\/Elizabeth-Salinas-2-230x213.jpg 230w, https:\/\/rifforubio.cl\/wp-content\/uploads\/2024\/04\/Elizabeth-Salinas-2-350x324.jpg 350w, https:\/\/rifforubio.cl\/wp-content\/uploads\/2024\/04\/Elizabeth-Salinas-2-480x444.jpg 480w\" sizes=\"(max-width: 1135px) 100vw, 1135px\" \/><\/figure><div class=\"elementor-image-box-content\"><h3 class=\"elementor-image-box-title\">ELIZABETH SALINAS JARA <\/h3><p class=\"elementor-image-box-description\">Contador General del Liceo Comercial A-N\u00b030, ex Instituto Superior de Comercio N\u00b0 2. Cuenta con m\u00e1s de 35 a\u00f1os de experiencia laboral en las \u00e1reas de contabilidad y tributaria, espec\u00edficamente en sociedades de inversi\u00f3n, tanto nacionales y extranjeras. <\/p><\/div><\/div>\t\t<\/div>\n\t\t\t\t<\/div>\n\t\t\t\t\t\t<\/div>\n\t\t\t\t\t<\/div>\n\t\t<\/div>\n\t\t\t\t\t\t\t\t<\/div>\n\t\t\t\t\t<\/div>\n\t\t<\/section>\n\t\t\t\t<section class=\"elementor-section elementor-top-section elementor-element elementor-element-e178d64 elementor-section-boxed elementor-section-height-default elementor-section-height-default\" data-id=\"e178d64\" data-element_type=\"section\">\n\t\t\t\t\t\t<div class=\"elementor-container elementor-column-gap-default\">\n\t\t\t\t\t\t\t<div class=\"elementor-row\">\n\t\t\t\t\t<div class=\"elementor-column elementor-col-33 elementor-top-column elementor-element elementor-element-bc5a7b0\" data-id=\"bc5a7b0\" data-element_type=\"column\">\n\t\t\t<div class=\"elementor-column-wrap elementor-element-populated\">\n\t\t\t\t\t\t\t<div class=\"elementor-widget-wrap\">\n\t\t\t\t\t\t<div class=\"elementor-element elementor-element-36e557a elementor-position-top elementor-vertical-align-top elementor-widget elementor-widget-image-box\" data-id=\"36e557a\" data-element_type=\"widget\" data-widget_type=\"image-box.default\">\n\t\t\t\t<div class=\"elementor-widget-container\">\n\t\t\t<div class=\"elementor-image-box-wrapper\"><figure class=\"elementor-image-box-img\"><img decoding=\"async\" width=\"433\" height=\"405\" src=\"https:\/\/rifforubio.cl\/wp-content\/uploads\/2024\/07\/Pame-2-2.png\" class=\"attachment-full size-full wp-image-911\" alt=\"\" loading=\"lazy\" srcset=\"https:\/\/rifforubio.cl\/wp-content\/uploads\/2024\/07\/Pame-2-2.png 433w, https:\/\/rifforubio.cl\/wp-content\/uploads\/2024\/07\/Pame-2-2-300x281.png 300w, https:\/\/rifforubio.cl\/wp-content\/uploads\/2024\/07\/Pame-2-2-230x215.png 230w, https:\/\/rifforubio.cl\/wp-content\/uploads\/2024\/07\/Pame-2-2-350x327.png 350w\" sizes=\"(max-width: 433px) 100vw, 433px\" \/><\/figure><div class=\"elementor-image-box-content\"><h3 class=\"elementor-image-box-title\">PAMELA ARAYA RIVEROS<\/h3><p class=\"elementor-image-box-description\">Contador Auditor de la Escuela de Contadores Auditores de Santiago. Tiene m\u00e1s de 20 a\u00f1os de experiencia laboral en distintas empresas de diversos sectores, en las \u00e1reas de contabilidad y administraci\u00f3n de recursos humanos. <\/p><\/div><\/div>\t\t<\/div>\n\t\t\t\t<\/div>\n\t\t\t\t\t\t<\/div>\n\t\t\t\t\t<\/div>\n\t\t<\/div>\n\t\t\t\t<div class=\"elementor-column elementor-col-33 elementor-top-column elementor-element elementor-element-600964f\" data-id=\"600964f\" data-element_type=\"column\">\n\t\t\t<div class=\"elementor-column-wrap elementor-element-populated\">\n\t\t\t\t\t\t\t<div class=\"elementor-widget-wrap\">\n\t\t\t\t\t\t<div class=\"elementor-element elementor-element-d9fcdb1 elementor-position-top elementor-vertical-align-top elementor-widget elementor-widget-image-box\" data-id=\"d9fcdb1\" data-element_type=\"widget\" data-widget_type=\"image-box.default\">\n\t\t\t\t<div class=\"elementor-widget-container\">\n\t\t\t<div class=\"elementor-image-box-wrapper\"><figure class=\"elementor-image-box-img\"><img decoding=\"async\" width=\"1280\" height=\"853\" src=\"https:\/\/rifforubio.cl\/wp-content\/uploads\/2025\/12\/Olga-Cortes-3-de-tamano-grande.jpeg\" class=\"attachment-full size-full wp-image-922\" alt=\"\" loading=\"lazy\" srcset=\"https:\/\/rifforubio.cl\/wp-content\/uploads\/2025\/12\/Olga-Cortes-3-de-tamano-grande.jpeg 1280w, https:\/\/rifforubio.cl\/wp-content\/uploads\/2025\/12\/Olga-Cortes-3-de-tamano-grande-300x200.jpeg 300w, https:\/\/rifforubio.cl\/wp-content\/uploads\/2025\/12\/Olga-Cortes-3-de-tamano-grande-1024x682.jpeg 1024w, https:\/\/rifforubio.cl\/wp-content\/uploads\/2025\/12\/Olga-Cortes-3-de-tamano-grande-768x512.jpeg 768w, https:\/\/rifforubio.cl\/wp-content\/uploads\/2025\/12\/Olga-Cortes-3-de-tamano-grande-1000x666.jpeg 1000w, https:\/\/rifforubio.cl\/wp-content\/uploads\/2025\/12\/Olga-Cortes-3-de-tamano-grande-230x153.jpeg 230w, https:\/\/rifforubio.cl\/wp-content\/uploads\/2025\/12\/Olga-Cortes-3-de-tamano-grande-350x233.jpeg 350w, https:\/\/rifforubio.cl\/wp-content\/uploads\/2025\/12\/Olga-Cortes-3-de-tamano-grande-480x320.jpeg 480w\" sizes=\"(max-width: 1280px) 100vw, 1280px\" \/><\/figure><div class=\"elementor-image-box-content\"><h3 class=\"elementor-image-box-title\">Olga Cort\u00e9s Guerra<\/h3><p class=\"elementor-image-box-description\">\n\n\nContador Auditor Universidad de Las Am\u00e9ricas, con 20 a\u00f1os de experiencia en diversas \u00e1reas, contabilidad general, an\u00e1lisis financiero, y asesor\u00edas contables para empresas, emprendedores y personas naturales, del \u00e1mbito p\u00fablico y privado. Orientada a garantizar el cumplimiento normativo y apoyar la correcta toma de decisiones financieras.\n<\/p><\/div><\/div>\t\t<\/div>\n\t\t\t\t<\/div>\n\t\t\t\t\t\t<\/div>\n\t\t\t\t\t<\/div>\n\t\t<\/div>\n\t\t\t\t<div class=\"elementor-column elementor-col-33 elementor-top-column elementor-element elementor-element-f9ae3c1\" data-id=\"f9ae3c1\" data-element_type=\"column\">\n\t\t\t<div class=\"elementor-column-wrap elementor-element-populated\">\n\t\t\t\t\t\t\t<div class=\"elementor-widget-wrap\">\n\t\t\t\t\t\t<div class=\"elementor-element elementor-element-ec0d30a elementor-widget__width-initial elementor-position-top elementor-vertical-align-top elementor-widget elementor-widget-image-box\" data-id=\"ec0d30a\" data-element_type=\"widget\" data-widget_type=\"image-box.default\">\n\t\t\t\t<div class=\"elementor-widget-container\">\n\t\t\t<div class=\"elementor-image-box-wrapper\"><figure class=\"elementor-image-box-img\"><img decoding=\"async\" width=\"960\" height=\"919\" src=\"https:\/\/rifforubio.cl\/wp-content\/uploads\/2024\/07\/Ruth-1.png\" class=\"attachment-full size-full wp-image-898\" alt=\"\" loading=\"lazy\" srcset=\"https:\/\/rifforubio.cl\/wp-content\/uploads\/2024\/07\/Ruth-1.png 960w, https:\/\/rifforubio.cl\/wp-content\/uploads\/2024\/07\/Ruth-1-300x287.png 300w, https:\/\/rifforubio.cl\/wp-content\/uploads\/2024\/07\/Ruth-1-768x735.png 768w, https:\/\/rifforubio.cl\/wp-content\/uploads\/2024\/07\/Ruth-1-230x220.png 230w, https:\/\/rifforubio.cl\/wp-content\/uploads\/2024\/07\/Ruth-1-350x335.png 350w, https:\/\/rifforubio.cl\/wp-content\/uploads\/2024\/07\/Ruth-1-480x460.png 480w\" sizes=\"(max-width: 960px) 100vw, 960px\" \/><\/figure><div class=\"elementor-image-box-content\"><h3 class=\"elementor-image-box-title\"> RUTH PETIT-BREUILH FAUNES<\/h3><p class=\"elementor-image-box-description\">Contador General  de Liceo Comercial San Miguel. Con m\u00e1s de 30 a\u00f1os de experiencia laboral en distintas empresas de los m\u00e1s diversos sectores. <\/p><\/div><\/div>\t\t<\/div>\n\t\t\t\t<\/div>\n\t\t\t\t\t\t<\/div>\n\t\t\t\t\t<\/div>\n\t\t<\/div>\n\t\t\t\t\t\t\t\t<\/div>\n\t\t\t\t\t<\/div>\n\t\t<\/section>\n\t\t\t\t<section class=\"elementor-section elementor-top-section elementor-element elementor-element-e05af23 elementor-section-boxed elementor-section-height-default elementor-section-height-default\" data-id=\"e05af23\" data-element_type=\"section\">\n\t\t\t\t\t\t<div class=\"elementor-container elementor-column-gap-default\">\n\t\t\t\t\t\t\t<div class=\"elementor-row\">\n\t\t\t\t\t<div class=\"elementor-column elementor-col-33 elementor-top-column elementor-element elementor-element-0d04676\" data-id=\"0d04676\" data-element_type=\"column\">\n\t\t\t<div class=\"elementor-column-wrap elementor-element-populated\">\n\t\t\t\t\t\t\t<div class=\"elementor-widget-wrap\">\n\t\t\t\t\t\t<div class=\"elementor-element elementor-element-49be5bb elementor-position-top elementor-vertical-align-top elementor-widget elementor-widget-image-box\" data-id=\"49be5bb\" data-element_type=\"widget\" data-widget_type=\"image-box.default\">\n\t\t\t\t<div class=\"elementor-widget-container\">\n\t\t\t<div class=\"elementor-image-box-wrapper\"><figure class=\"elementor-image-box-img\"><img decoding=\"async\" width=\"1135\" height=\"1050\" src=\"https:\/\/rifforubio.cl\/wp-content\/uploads\/2024\/04\/Jeannette-Salinas-2.jpg\" class=\"attachment-full size-full wp-image-721\" alt=\"\" loading=\"lazy\" srcset=\"https:\/\/rifforubio.cl\/wp-content\/uploads\/2024\/04\/Jeannette-Salinas-2.jpg 1135w, https:\/\/rifforubio.cl\/wp-content\/uploads\/2024\/04\/Jeannette-Salinas-2-300x278.jpg 300w, https:\/\/rifforubio.cl\/wp-content\/uploads\/2024\/04\/Jeannette-Salinas-2-1024x947.jpg 1024w, https:\/\/rifforubio.cl\/wp-content\/uploads\/2024\/04\/Jeannette-Salinas-2-768x710.jpg 768w, https:\/\/rifforubio.cl\/wp-content\/uploads\/2024\/04\/Jeannette-Salinas-2-1000x925.jpg 1000w, https:\/\/rifforubio.cl\/wp-content\/uploads\/2024\/04\/Jeannette-Salinas-2-230x213.jpg 230w, https:\/\/rifforubio.cl\/wp-content\/uploads\/2024\/04\/Jeannette-Salinas-2-350x324.jpg 350w, https:\/\/rifforubio.cl\/wp-content\/uploads\/2024\/04\/Jeannette-Salinas-2-480x444.jpg 480w\" sizes=\"(max-width: 1135px) 100vw, 1135px\" \/><\/figure><div class=\"elementor-image-box-content\"><h3 class=\"elementor-image-box-title\">JEANNETTE SALINAS JARA <\/h3><p class=\"elementor-image-box-description\">Programadora inform\u00e1tica, con m\u00e1s de 25 a\u00f1os de experiencia en la administraci\u00f3n de recursos humanos, contrataci\u00f3n, finiquitos y liquidaciones, entre otros. <\/p><\/div><\/div>\t\t<\/div>\n\t\t\t\t<\/div>\n\t\t\t\t\t\t<\/div>\n\t\t\t\t\t<\/div>\n\t\t<\/div>\n\t\t\t\t<div class=\"elementor-column elementor-col-33 elementor-top-column elementor-element elementor-element-251c09a\" data-id=\"251c09a\" data-element_type=\"column\">\n\t\t\t<div class=\"elementor-column-wrap elementor-element-populated\">\n\t\t\t\t\t\t\t<div class=\"elementor-widget-wrap\">\n\t\t\t\t\t\t<div class=\"elementor-element elementor-element-43f14c5 elementor-position-top elementor-vertical-align-top elementor-widget elementor-widget-image-box\" data-id=\"43f14c5\" data-element_type=\"widget\" data-widget_type=\"image-box.default\">\n\t\t\t\t<div class=\"elementor-widget-container\">\n\t\t\t<div class=\"elementor-image-box-wrapper\"><figure class=\"elementor-image-box-img\"><img decoding=\"async\" width=\"1135\" height=\"1050\" src=\"https:\/\/rifforubio.cl\/wp-content\/uploads\/2024\/04\/Gloria-Diaz-2.jpg\" class=\"attachment-full size-full wp-image-722\" alt=\"\" loading=\"lazy\" srcset=\"https:\/\/rifforubio.cl\/wp-content\/uploads\/2024\/04\/Gloria-Diaz-2.jpg 1135w, https:\/\/rifforubio.cl\/wp-content\/uploads\/2024\/04\/Gloria-Diaz-2-300x278.jpg 300w, https:\/\/rifforubio.cl\/wp-content\/uploads\/2024\/04\/Gloria-Diaz-2-1024x947.jpg 1024w, https:\/\/rifforubio.cl\/wp-content\/uploads\/2024\/04\/Gloria-Diaz-2-768x710.jpg 768w, https:\/\/rifforubio.cl\/wp-content\/uploads\/2024\/04\/Gloria-Diaz-2-1000x925.jpg 1000w, https:\/\/rifforubio.cl\/wp-content\/uploads\/2024\/04\/Gloria-Diaz-2-230x213.jpg 230w, https:\/\/rifforubio.cl\/wp-content\/uploads\/2024\/04\/Gloria-Diaz-2-350x324.jpg 350w, https:\/\/rifforubio.cl\/wp-content\/uploads\/2024\/04\/Gloria-Diaz-2-480x444.jpg 480w\" sizes=\"(max-width: 1135px) 100vw, 1135px\" \/><\/figure><div class=\"elementor-image-box-content\"><h3 class=\"elementor-image-box-title\">gloria d\u00edaz villegas<\/h3><p class=\"elementor-image-box-description\">Contador General Liceo Comercial A 99 ex- Instituto Superior de Comercio N\u00b0 4. Con m\u00e1s de 30 a\u00f1os de experiencia laboral en contabilidad y tributaria, espec\u00edficamente de sociedades comerciales y de educaci\u00f3n. <\/p><\/div><\/div>\t\t<\/div>\n\t\t\t\t<\/div>\n\t\t\t\t\t\t<\/div>\n\t\t\t\t\t<\/div>\n\t\t<\/div>\n\t\t\t\t<div class=\"elementor-column elementor-col-33 elementor-top-column elementor-element elementor-element-1599eda\" data-id=\"1599eda\" data-element_type=\"column\">\n\t\t\t<div class=\"elementor-column-wrap elementor-element-populated\">\n\t\t\t\t\t\t\t<div class=\"elementor-widget-wrap\">\n\t\t\t\t\t\t<div class=\"elementor-element elementor-element-4caef05 elementor-position-top elementor-vertical-align-top elementor-widget elementor-widget-image-box\" data-id=\"4caef05\" data-element_type=\"widget\" data-widget_type=\"image-box.default\">\n\t\t\t\t<div class=\"elementor-widget-container\">\n\t\t\t<div class=\"elementor-image-box-wrapper\"><figure class=\"elementor-image-box-img\"><img decoding=\"async\" width=\"1135\" height=\"1050\" src=\"https:\/\/rifforubio.cl\/wp-content\/uploads\/2024\/04\/Danny-Leon-2.jpg\" class=\"attachment-full size-full wp-image-717\" alt=\"\" loading=\"lazy\" srcset=\"https:\/\/rifforubio.cl\/wp-content\/uploads\/2024\/04\/Danny-Leon-2.jpg 1135w, https:\/\/rifforubio.cl\/wp-content\/uploads\/2024\/04\/Danny-Leon-2-300x278.jpg 300w, https:\/\/rifforubio.cl\/wp-content\/uploads\/2024\/04\/Danny-Leon-2-1024x947.jpg 1024w, https:\/\/rifforubio.cl\/wp-content\/uploads\/2024\/04\/Danny-Leon-2-768x710.jpg 768w, https:\/\/rifforubio.cl\/wp-content\/uploads\/2024\/04\/Danny-Leon-2-1000x925.jpg 1000w, https:\/\/rifforubio.cl\/wp-content\/uploads\/2024\/04\/Danny-Leon-2-230x213.jpg 230w, https:\/\/rifforubio.cl\/wp-content\/uploads\/2024\/04\/Danny-Leon-2-350x324.jpg 350w, https:\/\/rifforubio.cl\/wp-content\/uploads\/2024\/04\/Danny-Leon-2-480x444.jpg 480w\" sizes=\"(max-width: 1135px) 100vw, 1135px\" \/><\/figure><div class=\"elementor-image-box-content\"><h3 class=\"elementor-image-box-title\">DANNY LE\u00d3N NAVARRO<\/h3><p class=\"elementor-image-box-description\">Publicista del Instituto Profesional Los Leones. Cuenta con m\u00e1s de 20 a\u00f1os de experiencia laboral en empresas de la gran miner\u00eda y de contabilidad, en las \u00e1reas de administraci\u00f3n, comunicaciones, control documental y archivo t\u00e9cnico.<\/p><\/div><\/div>\t\t<\/div>\n\t\t\t\t<\/div>\n\t\t\t\t\t\t<\/div>\n\t\t\t\t\t<\/div>\n\t\t<\/div>\n\t\t\t\t\t\t\t\t<\/div>\n\t\t\t\t\t<\/div>\n\t\t<\/section>\n\t\t\t\t\t\t\t\t\t<\/div>\n\t\t\t<\/div>\n\t\t\t\t\t<\/div>\n\t\t","protected":false},"excerpt":{"rendered":"<p>Valentina Riffo Rubio Ingeniero Comercial de la Pontificia Universidad Cat\u00f3lica de Chile. Global MBA de la Universidad de Chile y The University [&hellip;]<\/p>\n","protected":false},"author":1,"featured_media":0,"parent":0,"menu_order":0,"comment_status":"closed","ping_status":"closed","template":"elementor_header_footer","meta":[],"_links":{"self":[{"href":"https:\/\/rifforubio.cl\/index.php?rest_route=\/wp\/v2\/pages\/478"}],"collection":[{"href":"https:\/\/rifforubio.cl\/index.php?rest_route=\/wp\/v2\/pages"}],"about":[{"href":"https:\/\/rifforubio.cl\/index.php?rest_route=\/wp\/v2\/types\/page"}],"author":[{"embeddable":true,"href":"https:\/\/rifforubio.cl\/index.php?rest_route=\/wp\/v2\/users\/1"}],"replies":[{"embeddable":true,"href":"https:\/\/rifforubio.cl\/index.php?rest_route=%2Fwp%2Fv2%2Fcomments&post=478"}],"version-history":[{"count":121,"href":"https:\/\/rifforubio.cl\/index.php?rest_route=\/wp\/v2\/pages\/478\/revisions"}],"predecessor-version":[{"id":925,"href":"https:\/\/rifforubio.cl\/index.php?rest_route=\/wp\/v2\/pages\/478\/revisions\/925"}],"wp:attachment":[{"href":"https:\/\/rifforubio.cl\/index.php?rest_route=%2Fwp%2Fv2%2Fmedia&parent=478"}],"curies":[{"name":"wp","href":"https:\/\/api.w.org\/{rel}","templated":true}]}}