{"id":385,"date":"2018-10-24T01:03:01","date_gmt":"2018-10-24T01:03:01","guid":{"rendered":"http:\/\/rifforubio.cl\/?page_id=385"},"modified":"2024-04-05T17:56:42","modified_gmt":"2024-04-05T17:56:42","slug":"sobre-nostros","status":"publish","type":"page","link":"https:\/\/rifforubio.cl\/?page_id=385","title":{"rendered":"Nuestra Historia"},"content":{"rendered":"\t\t<div data-elementor-type=\"wp-page\" data-elementor-id=\"385\" class=\"elementor elementor-385\">\n\t\t\t\t\t\t<div class=\"elementor-inner\">\n\t\t\t\t<div class=\"elementor-section-wrap\">\n\t\t\t\t\t\t\t\t\t<section class=\"elementor-section elementor-top-section elementor-element elementor-element-cb311b3 elementor-section-boxed elementor-section-height-default elementor-section-height-default\" data-id=\"cb311b3\" data-element_type=\"section\">\n\t\t\t\t\t\t<div class=\"elementor-container elementor-column-gap-default\">\n\t\t\t\t\t\t\t<div class=\"elementor-row\">\n\t\t\t\t\t<div class=\"elementor-column elementor-col-100 elementor-top-column elementor-element elementor-element-4035892\" data-id=\"4035892\" data-element_type=\"column\">\n\t\t\t<div class=\"elementor-column-wrap elementor-element-populated\">\n\t\t\t\t\t\t\t<div class=\"elementor-widget-wrap\">\n\t\t\t\t\t\t<div class=\"elementor-element elementor-element-74d624f elementor-widget elementor-widget-text-editor\" data-id=\"74d624f\" data-element_type=\"widget\" data-widget_type=\"text-editor.default\">\n\t\t\t\t<div class=\"elementor-widget-container\">\n\t\t\t\t\t\t\t\t<div class=\"elementor-text-editor elementor-clearfix\">\n\t\t\t\t<p>La historia de Estudio Riffo Rubio se remonta al a\u00f1o 1978 con la creaci\u00f3n de la oficina contable de Ren\u00e9 Riffo Mu\u00f1oz. En marzo del a\u00f1o 2003 pas\u00f3 a constituirse como Estudio Ren\u00e9 Riffo S.A., y en abril del a\u00f1o 2013 cambi\u00f3 su raz\u00f3n social a Asesor\u00edas Riffo Rubio Ltda. En mayo de 2016, se cre\u00f3 la sociedad Estudio Riffo Rubio SpA con Ren\u00e9 Riffo y Valentina Riffo Rubio como accionistas, y en diciembre 2022, la sociedad se transform\u00f3 a limitada, con el nombre Estudio Riffo Rubio y Asociados Ltda., incorporando a las trabajadoras m\u00e1s antiguas como socias, de este modo, hemos podido dar continuidad al trabajo profesional de m\u00e1s de 40 a\u00f1os.<\/p><p>Ren\u00e9 Riffo Mu\u00f1oz es contador auditor de la Universidad de Concepci\u00f3n, con m\u00e1s de 45 a\u00f1os de experiencia laboral en las \u00e1reas de contabilidad, auditor\u00eda y asesor\u00eda tributaria.<\/p><p>Valentina Riffo Rubio es ingeniero comercial de la Pontificia Universidad Cat\u00f3lica de Chile, Global MBA de la Universidad de Chile y The University of Queensland, Australia, y contador auditor de la Escuela de Contadores Auditores de Santiago. Tiene m\u00e1s de 18 a\u00f1os de experiencia laboral en distintas empresas de distintos sectores.<\/p><p>\u00a0<\/p><p>Estudio Riffo Rubio y Asociados Ltda. cuenta con un equipo de 12 profesionales entre contadores auditores, contadores generales y administrativos. Adem\u00e1s, cuenta con abogados tributarios y comerciales como asociados. Su principal objetivo es otorgar una atenci\u00f3n personalizada e integral de sus clientes.<\/p><p>\u00a0<\/p><p>Dentro de los clientes de Estudio Riffo Rubio y Asociados Ltda. se encuentran, \u201cfamily offices\u201d, sociedades de inversi\u00f3n, empresas constructoras, empresas de arquitectura e ingenier\u00eda, sociedades cient\u00edficas, jardines infantiles, entre otros. Tiene clientes nacionales y extranjeros.<\/p>\t\t\t\t\t<\/div>\n\t\t\t\t\t\t<\/div>\n\t\t\t\t<\/div>\n\t\t\t\t\t\t<\/div>\n\t\t\t\t\t<\/div>\n\t\t<\/div>\n\t\t\t\t\t\t\t\t<\/div>\n\t\t\t\t\t<\/div>\n\t\t<\/section>\n\t\t\t\t<section class=\"elementor-section elementor-top-section elementor-element elementor-element-8a1b84a elementor-section-boxed elementor-section-height-default elementor-section-height-default\" data-id=\"8a1b84a\" data-element_type=\"section\">\n\t\t\t\t\t\t<div class=\"elementor-container elementor-column-gap-default\">\n\t\t\t\t\t\t\t<div class=\"elementor-row\">\n\t\t\t\t\t<div class=\"elementor-column elementor-col-100 elementor-top-column elementor-element elementor-element-71c7b4f\" data-id=\"71c7b4f\" data-element_type=\"column\">\n\t\t\t<div class=\"elementor-column-wrap elementor-element-populated\">\n\t\t\t\t\t\t\t<div class=\"elementor-widget-wrap\">\n\t\t\t\t\t\t<div class=\"elementor-element elementor-element-3f6e4ba elementor-widget elementor-widget-image\" data-id=\"3f6e4ba\" data-element_type=\"widget\" data-widget_type=\"image.default\">\n\t\t\t\t<div class=\"elementor-widget-container\">\n\t\t\t\t\t\t\t\t<div class=\"elementor-image\">\n\t\t\t\t\t\t\t\t\t\t\t\t<img decoding=\"async\" width=\"1024\" height=\"793\" src=\"https:\/\/rifforubio.cl\/wp-content\/uploads\/2024\/04\/Nuestra-Historia-1024x793.jpeg\" class=\"attachment-large size-large wp-image-742\" alt=\"\" loading=\"lazy\" srcset=\"https:\/\/rifforubio.cl\/wp-content\/uploads\/2024\/04\/Nuestra-Historia-1024x793.jpeg 1024w, https:\/\/rifforubio.cl\/wp-content\/uploads\/2024\/04\/Nuestra-Historia-300x232.jpeg 300w, https:\/\/rifforubio.cl\/wp-content\/uploads\/2024\/04\/Nuestra-Historia-768x595.jpeg 768w, https:\/\/rifforubio.cl\/wp-content\/uploads\/2024\/04\/Nuestra-Historia-1536x1190.jpeg 1536w, https:\/\/rifforubio.cl\/wp-content\/uploads\/2024\/04\/Nuestra-Historia-2048x1587.jpeg 2048w, https:\/\/rifforubio.cl\/wp-content\/uploads\/2024\/04\/Nuestra-Historia-1000x775.jpeg 1000w, https:\/\/rifforubio.cl\/wp-content\/uploads\/2024\/04\/Nuestra-Historia-230x178.jpeg 230w, https:\/\/rifforubio.cl\/wp-content\/uploads\/2024\/04\/Nuestra-Historia-350x271.jpeg 350w, https:\/\/rifforubio.cl\/wp-content\/uploads\/2024\/04\/Nuestra-Historia-480x372.jpeg 480w\" sizes=\"(max-width: 1024px) 100vw, 1024px\" \/>\t\t\t\t\t\t\t\t\t\t\t\t\t\t<\/div>\n\t\t\t\t\t\t<\/div>\n\t\t\t\t<\/div>\n\t\t\t\t\t\t<\/div>\n\t\t\t\t\t<\/div>\n\t\t<\/div>\n\t\t\t\t\t\t\t\t<\/div>\n\t\t\t\t\t<\/div>\n\t\t<\/section>\n\t\t\t\t\t\t\t\t\t<\/div>\n\t\t\t<\/div>\n\t\t\t\t\t<\/div>\n\t\t","protected":false},"excerpt":{"rendered":"<p>La historia de Estudio Riffo Rubio se remonta al a\u00f1o 1978 con la creaci\u00f3n de la oficina contable de Ren\u00e9 Riffo Mu\u00f1oz. [&hellip;]<\/p>\n","protected":false},"author":1,"featured_media":0,"parent":0,"menu_order":0,"comment_status":"closed","ping_status":"closed","template":"elementor_header_footer","meta":[],"_links":{"self":[{"href":"https:\/\/rifforubio.cl\/index.php?rest_route=\/wp\/v2\/pages\/385"}],"collection":[{"href":"https:\/\/rifforubio.cl\/index.php?rest_route=\/wp\/v2\/pages"}],"about":[{"href":"https:\/\/rifforubio.cl\/index.php?rest_route=\/wp\/v2\/types\/page"}],"author":[{"embeddable":true,"href":"https:\/\/rifforubio.cl\/index.php?rest_route=\/wp\/v2\/users\/1"}],"replies":[{"embeddable":true,"href":"https:\/\/rifforubio.cl\/index.php?rest_route=%2Fwp%2Fv2%2Fcomments&post=385"}],"version-history":[{"count":13,"href":"https:\/\/rifforubio.cl\/index.php?rest_route=\/wp\/v2\/pages\/385\/revisions"}],"predecessor-version":[{"id":745,"href":"https:\/\/rifforubio.cl\/index.php?rest_route=\/wp\/v2\/pages\/385\/revisions\/745"}],"wp:attachment":[{"href":"https:\/\/rifforubio.cl\/index.php?rest_route=%2Fwp%2Fv2%2Fmedia&parent=385"}],"curies":[{"name":"wp","href":"https:\/\/api.w.org\/{rel}","templated":true}]}}